{"id":179,"date":"2025-10-28T18:26:41","date_gmt":"2025-10-28T18:26:41","guid":{"rendered":"https:\/\/olawrzesinska.pl\/sklep\/?post_type=product&#038;p=179"},"modified":"2025-10-28T18:26:59","modified_gmt":"2025-10-28T18:26:59","slug":"179","status":"publish","type":"product","link":"https:\/\/olawrzesinska.pl\/sklep\/produkt\/179\/","title":{"rendered":"Social Media bez spiny &#8211; szkolenie 2-dniowe"},"content":{"rendered":"<p data-start=\"1773\" data-end=\"2120\">Dwudniowa wersja szkolenia <strong data-start=\"1800\" data-end=\"1828\">\u201eSocial Media bez spiny\u201d<\/strong> to pog\u0142\u0119biony, praktyczny warsztat, kt\u00f3ry \u0142\u0105czy strategi\u0119 z dzia\u0142aniem.<br data-start=\"1900\" data-end=\"1903\" \/>To propozycja dla os\u00f3b, kt\u00f3re chc\u0105 <strong data-start=\"1938\" data-end=\"2076\">zrozumie\u0107 mechanizmy komunikacji online, zbudowa\u0107 plan obecno\u015bci marki w mediach spo\u0142eczno\u015bciowych i stworzy\u0107 w\u0142asny system publikacji<\/strong> \u2014 dopasowany do siebie, nie do algorytmu.<\/p>\n<p data-start=\"2122\" data-end=\"2330\">Podczas dw\u00f3ch dni pracy:<br data-start=\"2146\" data-end=\"2149\" \/>\ud83d\udca1 dzie\u0144 1 \u2013 strategia i fundamenty: marka, grupa docelowa, styl komunikacji,<br data-start=\"2226\" data-end=\"2229\" \/>\ud83c\udfac dzie\u0144 2 \u2013 praktyka i wdro\u017cenie: plan tre\u015bci, tworzenie post\u00f3w, reels\u00f3w i harmonogram publikacji.<\/p>\n<p data-start=\"2332\" data-end=\"2485\">Efekt?<br data-start=\"2338\" data-end=\"2341\" \/>Po szkoleniu masz gotowy <strong data-start=\"2366\" data-end=\"2400\">plan komunikacji na 3 miesi\u0105ce<\/strong>, zestaw pomys\u0142\u00f3w na tre\u015bci i <strong data-start=\"2430\" data-end=\"2485\">poczucie spokoju, \u017ce wiesz, co i po co publikujesz.<\/strong><\/p>\n<hr data-start=\"2487\" data-end=\"2490\" \/>\n<p data-start=\"2492\" data-end=\"2647\"><strong data-start=\"2492\" data-end=\"2512\">\ud83d\udcc5 Czas trwania:<\/strong> 2 dni (2\u00d76 godzin)<br data-start=\"2531\" data-end=\"2534\" \/><strong data-start=\"2534\" data-end=\"2547\">\ud83d\udcbb Forma:<\/strong> stacjonarnie lub online (Zoom \/ Google Meet)<br data-start=\"2592\" data-end=\"2595\" \/><strong data-start=\"2595\" data-end=\"2613\">\ud83d\udcb0 Inwestycja:<\/strong> 4499z\u0142<\/p>\n<hr data-start=\"2649\" data-end=\"2652\" \/>\n<p data-start=\"2654\" data-end=\"2949\">\ud83e\uddfe <strong data-start=\"2657\" data-end=\"2679\">Informacja prawna:<\/strong><br data-start=\"2679\" data-end=\"2682\" \/>Kupuj\u0105c ten produkt cyfrowy \/ szkolenie online, wyra\u017casz zgod\u0119 na rozpocz\u0119cie \u015bwiadczenia us\u0142ugi przed up\u0142ywem terminu do odst\u0105pienia od umowy i przyjmujesz do wiadomo\u015bci, \u017ce po uzyskaniu dost\u0119pu do materia\u0142\u00f3w tracisz prawo do odst\u0105pienia od umowy i zwrotu p\u0142atno\u015bci.<\/p>\n","protected":false},"excerpt":{"rendered":"<p>Dwudniowa wersja szkolenia <strong data-start=\"1800\" data-end=\"1828\">\u201eSocial Media bez spiny\u201d<\/strong> to pog\u0142\u0119biony, praktyczny warsztat, kt\u00f3ry \u0142\u0105czy strategi\u0119 z dzia\u0142aniem.<\/p>\n","protected":false},"featured_media":180,"comment_status":"open","ping_status":"closed","template":"","meta":[],"product_brand":[],"product_cat":[21,17,23,19,18,22],"product_tag":[],"class_list":{"0":"post-179","1":"product","2":"type-product","3":"status-publish","4":"has-post-thumbnail","6":"product_cat-mam-juz-biznes","7":"product_cat-cyfrowe","8":"product_cat-rozpoczynam-dzialanie","9":"product_cat-some","10":"product_cat-szkolenia","11":"product_cat-szukam-pomyslu","13":"first","14":"instock","15":"taxable","16":"shipping-taxable","17":"purchasable","18":"product-type-simple"},"jetpack_sharing_enabled":true,"_links":{"self":[{"href":"https:\/\/olawrzesinska.pl\/sklep\/wp-json\/wp\/v2\/product\/179","targetHints":{"allow":["GET"]}}],"collection":[{"href":"https:\/\/olawrzesinska.pl\/sklep\/wp-json\/wp\/v2\/product"}],"about":[{"href":"https:\/\/olawrzesinska.pl\/sklep\/wp-json\/wp\/v2\/types\/product"}],"replies":[{"embeddable":true,"href":"https:\/\/olawrzesinska.pl\/sklep\/wp-json\/wp\/v2\/comments?post=179"}],"wp:featuredmedia":[{"embeddable":true,"href":"https:\/\/olawrzesinska.pl\/sklep\/wp-json\/wp\/v2\/media\/180"}],"wp:attachment":[{"href":"https:\/\/olawrzesinska.pl\/sklep\/wp-json\/wp\/v2\/media?parent=179"}],"wp:term":[{"taxonomy":"product_brand","embeddable":true,"href":"https:\/\/olawrzesinska.pl\/sklep\/wp-json\/wp\/v2\/product_brand?post=179"},{"taxonomy":"product_cat","embeddable":true,"href":"https:\/\/olawrzesinska.pl\/sklep\/wp-json\/wp\/v2\/product_cat?post=179"},{"taxonomy":"product_tag","embeddable":true,"href":"https:\/\/olawrzesinska.pl\/sklep\/wp-json\/wp\/v2\/product_tag?post=179"}],"curies":[{"name":"wp","href":"https:\/\/api.w.org\/{rel}","templated":true}]}}