{"id":177,"date":"2025-10-28T18:23:49","date_gmt":"2025-10-28T18:23:49","guid":{"rendered":"https:\/\/olawrzesinska.pl\/sklep\/?post_type=product&#038;p=177"},"modified":"2025-10-28T18:27:38","modified_gmt":"2025-10-28T18:27:38","slug":"social-media-bez-spiny","status":"publish","type":"product","link":"https:\/\/olawrzesinska.pl\/sklep\/produkt\/social-media-bez-spiny\/","title":{"rendered":"Social Media bez spiny szkolenie 1-dniowe"},"content":{"rendered":"<p data-start=\"404\" data-end=\"588\"><strong data-start=\"404\" data-end=\"430\">Social Media bez spiny<\/strong> to intensywne, jednodniowe szkolenie dla os\u00f3b, kt\u00f3re chc\u0105 prowadzi\u0107 swoje kana\u0142y <strong data-start=\"512\" data-end=\"586\">z lekko\u015bci\u0105, autentyczno\u015bci\u0105 i skuteczno\u015bci\u0105 \u2013 bez presji i wypalenia.<\/strong><\/p>\n<p data-start=\"590\" data-end=\"800\">W trakcie spotkania nauczysz si\u0119, jak tworzy\u0107 tre\u015bci dopasowane do Twojej marki, planowa\u0107 publikacje, budowa\u0107 zaanga\u017cowanie i komunikowa\u0107 si\u0119 z odbiorcami w spos\u00f3b naturalny, bez sztucznego \u201eparcia na wynik\u201d.<\/p>\n<p data-start=\"802\" data-end=\"1123\">Podczas szkolenia:<br data-start=\"820\" data-end=\"823\" \/>\u2728 zrozumiesz, jak dzia\u0142a algorytm i jak si\u0119 z nim zaprzyja\u017ani\u0107,<br data-start=\"886\" data-end=\"889\" \/>\u2728 poznasz prosty system planowania tre\u015bci,<br data-start=\"931\" data-end=\"934\" \/>\u2728 nauczysz si\u0119 tworzy\u0107 sp\u00f3jne i anga\u017cuj\u0105ce posty, stories i reelsy,<br data-start=\"1001\" data-end=\"1004\" \/>\u2728 uporz\u0105dkujesz komunikacj\u0119 marki i styl wizualny,<br data-start=\"1054\" data-end=\"1057\" \/>\u2728 wyjdziesz z gotowym mini-planem dzia\u0142a\u0144 na najbli\u017cszy miesi\u0105c.<\/p>\n<p data-start=\"1125\" data-end=\"1233\">Idealne dla przedsi\u0119biorc\u00f3w, tw\u00f3rc\u00f3w i marek osobistych, kt\u00f3re chc\u0105 <strong data-start=\"1193\" data-end=\"1233\">by\u0107 w sieci obecne \u2013 ale po swojemu.<\/strong><\/p>\n<hr data-start=\"1235\" data-end=\"1238\" \/>\n<p data-start=\"1240\" data-end=\"1396\"><strong data-start=\"1240\" data-end=\"1260\">\ud83d\udcc5 Czas trwania:<\/strong> 1 dzie\u0144 (6\u20137 godzin)<br data-start=\"1281\" data-end=\"1284\" \/><strong data-start=\"1284\" data-end=\"1297\">\ud83d\udcbb Forma:<\/strong> stacjonarnie lub online (Zoom \/ Google Meet)<br data-start=\"1342\" data-end=\"1345\" \/><strong data-start=\"1345\" data-end=\"1363\">\ud83d\udcb0 Inwestycja:<\/strong> 2599z\u0142<\/p>\n<hr data-start=\"1398\" data-end=\"1401\" \/>\n<p data-start=\"1403\" data-end=\"1698\">\ud83e\uddfe <strong data-start=\"1406\" data-end=\"1428\">Informacja prawna:<\/strong><br data-start=\"1428\" data-end=\"1431\" \/>Kupuj\u0105c ten produkt cyfrowy \/ szkolenie online, wyra\u017casz zgod\u0119 na rozpocz\u0119cie \u015bwiadczenia us\u0142ugi przed up\u0142ywem terminu do odst\u0105pienia od umowy i przyjmujesz do wiadomo\u015bci, \u017ce po uzyskaniu dost\u0119pu do materia\u0142\u00f3w tracisz prawo do odst\u0105pienia od umowy i zwrotu p\u0142atno\u015bci.<\/p>\n","protected":false},"excerpt":{"rendered":"<p><strong data-start=\"404\" data-end=\"430\">Social Media bez spiny<\/strong> to intensywne, jednodniowe szkolenie dla os\u00f3b, kt\u00f3re chc\u0105 prowadzi\u0107 swoje kana\u0142y <strong data-start=\"512\" data-end=\"586\">z lekko\u015bci\u0105, autentyczno\u015bci\u0105 i skuteczno\u015bci\u0105 \u2013 bez presji i wypalenia.<\/strong><\/p>\n","protected":false},"featured_media":178,"comment_status":"open","ping_status":"closed","template":"","meta":[],"product_brand":[],"product_cat":[15,21,17,23,19,18,22],"product_tag":[],"class_list":{"0":"post-177","1":"product","2":"type-product","3":"status-publish","4":"has-post-thumbnail","6":"product_cat-bez-kategorii","7":"product_cat-mam-juz-biznes","8":"product_cat-cyfrowe","9":"product_cat-rozpoczynam-dzialanie","10":"product_cat-some","11":"product_cat-szkolenia","12":"product_cat-szukam-pomyslu","14":"first","15":"instock","16":"taxable","17":"shipping-taxable","18":"purchasable","19":"product-type-simple"},"jetpack_sharing_enabled":true,"_links":{"self":[{"href":"https:\/\/olawrzesinska.pl\/sklep\/wp-json\/wp\/v2\/product\/177","targetHints":{"allow":["GET"]}}],"collection":[{"href":"https:\/\/olawrzesinska.pl\/sklep\/wp-json\/wp\/v2\/product"}],"about":[{"href":"https:\/\/olawrzesinska.pl\/sklep\/wp-json\/wp\/v2\/types\/product"}],"replies":[{"embeddable":true,"href":"https:\/\/olawrzesinska.pl\/sklep\/wp-json\/wp\/v2\/comments?post=177"}],"wp:featuredmedia":[{"embeddable":true,"href":"https:\/\/olawrzesinska.pl\/sklep\/wp-json\/wp\/v2\/media\/178"}],"wp:attachment":[{"href":"https:\/\/olawrzesinska.pl\/sklep\/wp-json\/wp\/v2\/media?parent=177"}],"wp:term":[{"taxonomy":"product_brand","embeddable":true,"href":"https:\/\/olawrzesinska.pl\/sklep\/wp-json\/wp\/v2\/product_brand?post=177"},{"taxonomy":"product_cat","embeddable":true,"href":"https:\/\/olawrzesinska.pl\/sklep\/wp-json\/wp\/v2\/product_cat?post=177"},{"taxonomy":"product_tag","embeddable":true,"href":"https:\/\/olawrzesinska.pl\/sklep\/wp-json\/wp\/v2\/product_tag?post=177"}],"curies":[{"name":"wp","href":"https:\/\/api.w.org\/{rel}","templated":true}]}}