{"id":8,"date":"2025-08-21T09:11:43","date_gmt":"2025-08-21T09:11:43","guid":{"rendered":"https:\/\/olawrzesinska.pl\/sklep\/koszyk\/"},"modified":"2025-10-07T12:08:16","modified_gmt":"2025-10-07T12:08:16","slug":"koszyk","status":"publish","type":"page","link":"https:\/\/olawrzesinska.pl\/sklep\/koszyk\/","title":{"rendered":"Koszyk"},"content":{"rendered":"\n<div data-block-name=\"woocommerce\/cart\" class=\"wp-block-woocommerce-cart alignwide is-loading\">\n<div data-block-name=\"woocommerce\/filled-cart-block\" class=\"wp-block-woocommerce-filled-cart-block\">\n<div data-block-name=\"woocommerce\/cart-items-block\" class=\"wp-block-woocommerce-cart-items-block\">\n<div data-block-name=\"woocommerce\/cart-line-items-block\" class=\"wp-block-woocommerce-cart-line-items-block\"><\/div>\n\n\n\n<div data-block-name=\"woocommerce\/cart-cross-sells-block\" class=\"wp-block-woocommerce-cart-cross-sells-block\">\n<h2 class=\"wp-block-heading has-large-font-size\">Zobacz inne r\u00f3wnie interesuj\u0105ce\u2026<\/h2>\n\n\n\n<div data-block-name=\"woocommerce\/cart-cross-sells-products-block\" class=\"wp-block-woocommerce-cart-cross-sells-products-block\"><\/div>\n<\/div>\n<\/div>\n\n\n\n<div data-block-name=\"woocommerce\/cart-totals-block\" class=\"wp-block-woocommerce-cart-totals-block\">\n<div data-block-name=\"woocommerce\/cart-order-summary-block\" class=\"wp-block-woocommerce-cart-order-summary-block\">\n<div data-block-name=\"woocommerce\/cart-order-summary-heading-block\" class=\"wp-block-woocommerce-cart-order-summary-heading-block\"><\/div><div data-block-name=\"woocommerce\/cart-order-summary-coupon-form-block\" class=\"wp-block-woocommerce-cart-order-summary-coupon-form-block\"><\/div><div data-block-name=\"woocommerce\/cart-order-summary-totals-block\" class=\"wp-block-woocommerce-cart-order-summary-totals-block\">\n<div data-block-name=\"woocommerce\/cart-order-summary-subtotal-block\" class=\"wp-block-woocommerce-cart-order-summary-subtotal-block\"><\/div>\n<div data-block-name=\"woocommerce\/cart-order-summary-discount-block\" class=\"wp-block-woocommerce-cart-order-summary-discount-block\"><\/div>\n<div data-block-name=\"woocommerce\/cart-order-summary-fee-block\" class=\"wp-block-woocommerce-cart-order-summary-fee-block\"><\/div>\n<div data-block-name=\"woocommerce\/cart-order-summary-shipping-block\" class=\"wp-block-woocommerce-cart-order-summary-shipping-block\"><\/div>\n<div data-block-name=\"woocommerce\/cart-order-summary-taxes-block\" class=\"wp-block-woocommerce-cart-order-summary-taxes-block\"><\/div><\/div>\n<\/div>\n\n\n\n<div data-block-name=\"woocommerce\/cart-express-payment-block\" class=\"wp-block-woocommerce-cart-express-payment-block\"><\/div>\n\n\n\n<div data-block-name=\"woocommerce\/proceed-to-checkout-block\" class=\"wp-block-woocommerce-proceed-to-checkout-block\"><\/div>\n\n\n\n<div data-block-name=\"woocommerce\/cart-accepted-payment-methods-block\" class=\"wp-block-woocommerce-cart-accepted-payment-methods-block\"><\/div>\n<\/div>\n<\/div>\n\n\n\n<div data-block-name=\"woocommerce\/empty-cart-block\" class=\"wp-block-woocommerce-empty-cart-block\">\n<h2 class=\"wp-block-heading has-text-align-center with-empty-cart-icon wc-block-cart__empty-cart__title\">Tw\u00f3j koszyk jest obecnie pusty!<\/h2>\n\n\n\n<hr class=\"wp-block-separator has-alpha-channel-opacity is-style-dots\"\/>\n\n\n\n<h2 class=\"wp-block-heading has-text-align-center\">Nowe w sklepie<\/h2>\n\n\n<div data-block-name=\"woocommerce\/product-new\" data-columns=\"4\" data-rows=\"1\" class=\"wc-block-grid wp-block-product-new wp-block-woocommerce-product-new wc-block-product-new has-4-columns\"><ul class=\"wc-block-grid__products\"><li class=\"wc-block-grid__product\">\n\t\t\t\t<a href=\"https:\/\/olawrzesinska.pl\/sklep\/produkt\/ajajaj-co-to-ai-szkolenie-grupowe-dla-poczatkujacych\/\" class=\"wc-block-grid__product-link\">\n\t\t\t\t\t\n\t\t\t\t\t<div class=\"wc-block-grid__product-image\"><img loading=\"lazy\" decoding=\"async\" width=\"300\" height=\"300\" src=\"https:\/\/olawrzesinska.pl\/sklep\/wp-content\/uploads\/2025\/10\/podkrec-swoj-biznes-okladki-strona-2-300x300.png\" class=\"attachment-woocommerce_thumbnail size-woocommerce_thumbnail\" alt=\"Ajajaj, co to AI? - szkolenie grupowe dla pocz\u0105tkuj\u0105cych\" srcset=\"https:\/\/olawrzesinska.pl\/sklep\/wp-content\/uploads\/2025\/10\/podkrec-swoj-biznes-okladki-strona-2-300x300.png 300w, https:\/\/olawrzesinska.pl\/sklep\/wp-content\/uploads\/2025\/10\/podkrec-swoj-biznes-okladki-strona-2-150x150.png 150w, https:\/\/olawrzesinska.pl\/sklep\/wp-content\/uploads\/2025\/10\/podkrec-swoj-biznes-okladki-strona-2-100x100.png 100w, https:\/\/olawrzesinska.pl\/sklep\/wp-content\/uploads\/2025\/10\/podkrec-swoj-biznes-okladki-strona-2.png 500w\" sizes=\"auto, (max-width: 300px) 100vw, 300px\" \/><\/div>\n\t\t\t\t\t<div class=\"wc-block-grid__product-title\">Ajajaj, co to AI? &#8211; szkolenie grupowe dla pocz\u0105tkuj\u0105cych<\/div>\n\t\t\t\t<\/a>\n\t\t\t\t<div class=\"wc-block-grid__product-price price\"><span class=\"woocommerce-Price-amount amount\">3 499&nbsp;<span class=\"woocommerce-Price-currencySymbol\">&#122;&#322;<\/span><\/span> <small class=\"woocommerce-price-suffix\">zawiera podatek VAT<\/small><\/div>\n\t\t\t\t\n\t\t\t\t<div class=\"wp-block-button wc-block-grid__product-add-to-cart\"><a href=\"\/sklep\/wp-json\/wp\/v2\/pages\/8?add-to-cart=181\" aria-label=\"Dodaj do koszyka: &bdquo;Ajajaj, co to AI? - szkolenie grupowe dla pocz\u0105tkuj\u0105cych&rdquo;\" data-quantity=\"1\" data-product_id=\"181\" data-product_sku=\"\" data-price=\"3499\" rel=\"nofollow\" class=\"wp-block-button__link wp-element-button add_to_cart_button ajax_add_to_cart\">Dodaj do koszyka<\/a><\/div>\n\t\t\t<\/li><li class=\"wc-block-grid__product\">\n\t\t\t\t<a href=\"https:\/\/olawrzesinska.pl\/sklep\/produkt\/179\/\" class=\"wc-block-grid__product-link\">\n\t\t\t\t\t\n\t\t\t\t\t<div class=\"wc-block-grid__product-image\"><img loading=\"lazy\" decoding=\"async\" width=\"300\" height=\"300\" src=\"https:\/\/olawrzesinska.pl\/sklep\/wp-content\/uploads\/2025\/10\/6-300x300.png\" class=\"attachment-woocommerce_thumbnail size-woocommerce_thumbnail\" alt=\"Social Media bez spiny - szkolenie 2-dniowe\" srcset=\"https:\/\/olawrzesinska.pl\/sklep\/wp-content\/uploads\/2025\/10\/6-300x300.png 300w, https:\/\/olawrzesinska.pl\/sklep\/wp-content\/uploads\/2025\/10\/6-150x150.png 150w, https:\/\/olawrzesinska.pl\/sklep\/wp-content\/uploads\/2025\/10\/6-100x100.png 100w, https:\/\/olawrzesinska.pl\/sklep\/wp-content\/uploads\/2025\/10\/6.png 500w\" sizes=\"auto, (max-width: 300px) 100vw, 300px\" \/><\/div>\n\t\t\t\t\t<div class=\"wc-block-grid__product-title\">Social Media bez spiny &#8211; szkolenie 2-dniowe<\/div>\n\t\t\t\t<\/a>\n\t\t\t\t<div class=\"wc-block-grid__product-price price\"><span class=\"woocommerce-Price-amount amount\">4 499&nbsp;<span class=\"woocommerce-Price-currencySymbol\">&#122;&#322;<\/span><\/span> <small class=\"woocommerce-price-suffix\">zawiera podatek VAT<\/small><\/div>\n\t\t\t\t\n\t\t\t\t<div class=\"wp-block-button wc-block-grid__product-add-to-cart\"><a href=\"\/sklep\/wp-json\/wp\/v2\/pages\/8?add-to-cart=179\" aria-label=\"Dodaj do koszyka: &bdquo;Social Media bez spiny - szkolenie 2-dniowe&rdquo;\" data-quantity=\"1\" data-product_id=\"179\" data-product_sku=\"\" data-price=\"4499\" rel=\"nofollow\" class=\"wp-block-button__link wp-element-button add_to_cart_button ajax_add_to_cart\">Dodaj do koszyka<\/a><\/div>\n\t\t\t<\/li><li class=\"wc-block-grid__product\">\n\t\t\t\t<a href=\"https:\/\/olawrzesinska.pl\/sklep\/produkt\/social-media-bez-spiny\/\" class=\"wc-block-grid__product-link\">\n\t\t\t\t\t\n\t\t\t\t\t<div class=\"wc-block-grid__product-image\"><img loading=\"lazy\" decoding=\"async\" width=\"300\" height=\"300\" src=\"https:\/\/olawrzesinska.pl\/sklep\/wp-content\/uploads\/2025\/10\/5-300x300.png\" class=\"attachment-woocommerce_thumbnail size-woocommerce_thumbnail\" alt=\"Social Media bez spiny szkolenie 1-dniowe\" srcset=\"https:\/\/olawrzesinska.pl\/sklep\/wp-content\/uploads\/2025\/10\/5-300x300.png 300w, https:\/\/olawrzesinska.pl\/sklep\/wp-content\/uploads\/2025\/10\/5-150x150.png 150w, https:\/\/olawrzesinska.pl\/sklep\/wp-content\/uploads\/2025\/10\/5-100x100.png 100w, https:\/\/olawrzesinska.pl\/sklep\/wp-content\/uploads\/2025\/10\/5.png 500w\" sizes=\"auto, (max-width: 300px) 100vw, 300px\" \/><\/div>\n\t\t\t\t\t<div class=\"wc-block-grid__product-title\">Social Media bez spiny szkolenie 1-dniowe<\/div>\n\t\t\t\t<\/a>\n\t\t\t\t<div class=\"wc-block-grid__product-price price\"><span class=\"woocommerce-Price-amount amount\">2 599&nbsp;<span class=\"woocommerce-Price-currencySymbol\">&#122;&#322;<\/span><\/span> <small class=\"woocommerce-price-suffix\">zawiera podatek VAT<\/small><\/div>\n\t\t\t\t\n\t\t\t\t<div class=\"wp-block-button wc-block-grid__product-add-to-cart\"><a href=\"\/sklep\/wp-json\/wp\/v2\/pages\/8?add-to-cart=177\" aria-label=\"Dodaj do koszyka: &bdquo;Social Media bez spiny szkolenie 1-dniowe&rdquo;\" data-quantity=\"1\" data-product_id=\"177\" data-product_sku=\"\" data-price=\"2599\" rel=\"nofollow\" class=\"wp-block-button__link wp-element-button add_to_cart_button ajax_add_to_cart\">Dodaj do koszyka<\/a><\/div>\n\t\t\t<\/li><li class=\"wc-block-grid__product\">\n\t\t\t\t<a href=\"https:\/\/olawrzesinska.pl\/sklep\/produkt\/pakiet-mentoringowy\/\" class=\"wc-block-grid__product-link\">\n\t\t\t\t\t\n\t\t\t\t\t<div class=\"wc-block-grid__product-image\"><img loading=\"lazy\" decoding=\"async\" width=\"300\" height=\"300\" src=\"https:\/\/olawrzesinska.pl\/sklep\/wp-content\/uploads\/2025\/10\/3-300x300.png\" class=\"attachment-woocommerce_thumbnail size-woocommerce_thumbnail\" alt=\"Podkr\u0119\u0107 Sw\u00f3j Biznes - mentoring 3 miesi\u0105ce\" srcset=\"https:\/\/olawrzesinska.pl\/sklep\/wp-content\/uploads\/2025\/10\/3-300x300.png 300w, https:\/\/olawrzesinska.pl\/sklep\/wp-content\/uploads\/2025\/10\/3-150x150.png 150w, https:\/\/olawrzesinska.pl\/sklep\/wp-content\/uploads\/2025\/10\/3-100x100.png 100w, https:\/\/olawrzesinska.pl\/sklep\/wp-content\/uploads\/2025\/10\/3.png 500w\" sizes=\"auto, (max-width: 300px) 100vw, 300px\" \/><\/div>\n\t\t\t\t\t<div class=\"wc-block-grid__product-title\">Podkr\u0119\u0107 Sw\u00f3j Biznes &#8211; mentoring 3 miesi\u0105ce<\/div>\n\t\t\t\t<\/a>\n\t\t\t\t<div class=\"wc-block-grid__product-price price\"><span class=\"woocommerce-Price-amount amount\">2 999&nbsp;<span class=\"woocommerce-Price-currencySymbol\">&#122;&#322;<\/span><\/span> <small class=\"woocommerce-price-suffix\">zawiera podatek VAT<\/small><\/div>\n\t\t\t\t\n\t\t\t\t<div class=\"wp-block-button wc-block-grid__product-add-to-cart\"><a href=\"\/sklep\/wp-json\/wp\/v2\/pages\/8?add-to-cart=175\" aria-label=\"Dodaj do koszyka: &bdquo;Podkr\u0119\u0107 Sw\u00f3j Biznes - mentoring 3 miesi\u0105ce&rdquo;\" data-quantity=\"1\" data-product_id=\"175\" data-product_sku=\"\" data-price=\"2999\" rel=\"nofollow\" class=\"wp-block-button__link wp-element-button add_to_cart_button ajax_add_to_cart\">Dodaj do koszyka<\/a><\/div>\n\t\t\t<\/li><\/ul><\/div><\/div>\n<\/div>\n","protected":false},"excerpt":{"rendered":"","protected":false},"author":1,"featured_media":0,"parent":0,"menu_order":0,"comment_status":"closed","ping_status":"closed","template":"","meta":{"footnotes":""},"class_list":["post-8","page","type-page","status-publish","hentry"],"jetpack_sharing_enabled":true,"_links":{"self":[{"href":"https:\/\/olawrzesinska.pl\/sklep\/wp-json\/wp\/v2\/pages\/8","targetHints":{"allow":["GET"]}}],"collection":[{"href":"https:\/\/olawrzesinska.pl\/sklep\/wp-json\/wp\/v2\/pages"}],"about":[{"href":"https:\/\/olawrzesinska.pl\/sklep\/wp-json\/wp\/v2\/types\/page"}],"author":[{"embeddable":true,"href":"https:\/\/olawrzesinska.pl\/sklep\/wp-json\/wp\/v2\/users\/1"}],"replies":[{"embeddable":true,"href":"https:\/\/olawrzesinska.pl\/sklep\/wp-json\/wp\/v2\/comments?post=8"}],"version-history":[{"count":1,"href":"https:\/\/olawrzesinska.pl\/sklep\/wp-json\/wp\/v2\/pages\/8\/revisions"}],"predecessor-version":[{"id":60,"href":"https:\/\/olawrzesinska.pl\/sklep\/wp-json\/wp\/v2\/pages\/8\/revisions\/60"}],"wp:attachment":[{"href":"https:\/\/olawrzesinska.pl\/sklep\/wp-json\/wp\/v2\/media?parent=8"}],"curies":[{"name":"wp","href":"https:\/\/api.w.org\/{rel}","templated":true}]}}